{"id":2,"date":"2024-12-04T08:24:30","date_gmt":"2024-12-04T08:24:30","guid":{"rendered":"http:\/\/instalatorwp671.dkonto.pl\/?page_id=2"},"modified":"2026-03-11T07:45:54","modified_gmt":"2026-03-11T07:45:54","slug":"sample-page","status":"publish","type":"page","link":"https:\/\/lse.aleksanderadamski.eu\/","title":{"rendered":"Lubelska Stocznia Eksperymentalna"},"content":{"rendered":"\n<div class=\"wp-block-cover alignwide has-parallax\" style=\"min-height:2026px;aspect-ratio:unset;\"><div class=\"wp-block-cover__image-background wp-image-9 has-parallax\" style=\"background-position:50% 50%;background-image:url(http:\/\/lse.aleksanderadamski.eu\/wp-content\/uploads\/2025\/02\/IMG_8126-scaled.jpeg)\"><\/div><span aria-hidden=\"true\" class=\"wp-block-cover__background has-background-dim\"><\/span><div class=\"wp-block-cover__inner-container is-layout-constrained wp-block-cover-is-layout-constrained\">\n<p class=\"has-text-align-center has-white-color has-text-color has-link-color has-large-font-size wp-elements-81e59c367bc98e5a1a6df092f5c4d615\">lubelska stocznia eksperymentalna<\/p>\n\n\n\n<blockquote class=\"wp-block-quote is-layout-flow wp-block-quote-is-layout-flow\">\n<blockquote class=\"wp-block-quote is-layout-flow wp-block-quote-is-layout-flow\">\n<p class=\"has-text-align-center has-ast-global-color-4-color has-text-color has-link-color wp-elements-2a78f657d7920cc8cdeb5d5a9b43ecac\">klasyczna forma \u2022 innowacje techniczne<br>wierno\u015b\u0107 tradycji nie wyklucza rozwoju<br>budujemy \u0142odzie w\u0142asnego projektu<\/p>\n\n\n\n<div style=\"margin-top:0;margin-bottom:0;height:59px\" aria-hidden=\"true\" class=\"wp-block-spacer\"><\/div>\n<\/blockquote>\n<\/blockquote>\n\n\n\n<p class=\"has-ast-global-color-5-color has-text-color has-link-color wp-elements-d635008573fb37d07929ff596f672d4f\">manufaktura od 2022 w Podg\u00f3rzu pod Skarp\u0105 Dobrsk\u0105<br>prace koncepcyjne: 1998-2021, Kazimierz Dolny<\/p>\n\n\n\n<div style=\"height:200px\" aria-hidden=\"true\" class=\"wp-block-spacer\"><\/div>\n\n\n\n<h2 class=\"wp-block-heading has-white-color has-text-color has-link-color wp-elements-2e6dbfb731bfe6531b4e0da25019ed18\">\u0142odzie w sprzeda\u017cy \u2013 przedwio\u015bnie 2025<\/h2>\n\n\n\n<div class=\"wp-block-media-text is-stacked-on-mobile\"><figure class=\"wp-block-media-text__media\"><img loading=\"lazy\" decoding=\"async\" width=\"1024\" height=\"477\" src=\"http:\/\/lse.aleksanderadamski.eu\/wp-content\/uploads\/2025\/02\/yy452985-1024x477.jpg\" alt=\"\" class=\"wp-image-41 size-full\" srcset=\"https:\/\/lse.aleksanderadamski.eu\/wp-content\/uploads\/2025\/02\/yy452985-1024x477.jpg 1024w, https:\/\/lse.aleksanderadamski.eu\/wp-content\/uploads\/2025\/02\/yy452985-300x140.jpg 300w, https:\/\/lse.aleksanderadamski.eu\/wp-content\/uploads\/2025\/02\/yy452985-768x358.jpg 768w, https:\/\/lse.aleksanderadamski.eu\/wp-content\/uploads\/2025\/02\/yy452985-1536x716.jpg 1536w, https:\/\/lse.aleksanderadamski.eu\/wp-content\/uploads\/2025\/02\/yy452985-2048x955.jpg 2048w\" sizes=\"auto, (max-width: 1024px) 100vw, 1024px\" \/><\/figure><div class=\"wp-block-media-text__content\">\n<p class=\"has-ast-global-color-4-color has-black-background-color has-text-color has-background has-link-color wp-elements-9b75c65684e7b2099032d29f0b859f60\"><strong>typ 6<\/strong><br>pych\u00f3wka dwupasowa<br>do zabudowy \u0142awkami wdg zam\u00f3wienia<br>d\u0142ugo\u015b\u0107: 6.0 m.<br><br>\u0142\u00f3d\u017a nowa, niep\u0142ywana<br><br>6 000 z\u0142otych<\/p>\n<\/div><\/div>\n\n\n\n<div class=\"wp-block-media-text is-stacked-on-mobile\"><figure class=\"wp-block-media-text__media\"><img loading=\"lazy\" decoding=\"async\" width=\"1024\" height=\"579\" src=\"http:\/\/lse.aleksanderadamski.eu\/wp-content\/uploads\/2025\/02\/2024_no_94-1024x579.jpeg\" alt=\"\" class=\"wp-image-47 size-full\" srcset=\"https:\/\/lse.aleksanderadamski.eu\/wp-content\/uploads\/2025\/02\/2024_no_94-1024x579.jpeg 1024w, https:\/\/lse.aleksanderadamski.eu\/wp-content\/uploads\/2025\/02\/2024_no_94-300x170.jpeg 300w, https:\/\/lse.aleksanderadamski.eu\/wp-content\/uploads\/2025\/02\/2024_no_94-768x434.jpeg 768w, https:\/\/lse.aleksanderadamski.eu\/wp-content\/uploads\/2025\/02\/2024_no_94.jpeg 1242w\" sizes=\"auto, (max-width: 1024px) 100vw, 1024px\" \/><\/figure><div class=\"wp-block-media-text__content\">\n<p class=\"has-ast-global-color-4-color has-black-background-color has-text-color has-background has-link-color wp-elements-799e103093232fc4a9e4c62c33e9ad3f\"><strong>typ 6<\/strong> \u2013 wariant regatowy<br>pych\u00f3wka dwupasowa, wy\u015bcigowa<br>d\u0142ugo\u015b\u0107: 6.0 m.<br>superlekka: sosna calowa<br>sprzedawany egzemplarz zdoby\u0142 z\u0142oty medal w regatach w Kazimierz Dolnym, kategoria wyczynowa: pych pod pr\u0105d<br><br>\u0142\u00f3d\u017a z roku 2024, po konserwacji w lutym 2025<br><br>4 600 z\u0142otych<\/p>\n<\/div><\/div>\n<\/div><\/div>\n","protected":false},"excerpt":{"rendered":"","protected":false},"author":1,"featured_media":0,"parent":0,"menu_order":0,"comment_status":"closed","ping_status":"open","template":"blank-slate-template.php","meta":{"site-sidebar-layout":"default","site-content-layout":"","ast-site-content-layout":"","site-content-style":"default","site-sidebar-style":"default","ast-global-header-display":"","ast-banner-title-visibility":"","ast-main-header-display":"","ast-hfb-above-header-display":"","ast-hfb-below-header-display":"","ast-hfb-mobile-header-display":"","site-post-title":"","ast-breadcrumbs-content":"","ast-featured-img":"","footer-sml-layout":"","theme-transparent-header-meta":"","adv-header-id-meta":"","stick-header-meta":"","header-above-stick-meta":"","header-main-stick-meta":"","header-below-stick-meta":"","astra-migrate-meta-layouts":"default","ast-page-background-enabled":"default","ast-page-background-meta":{"desktop":{"background-color":"var(--ast-global-color-5)","background-image":"","background-repeat":"repeat","background-position":"center center","background-size":"auto","background-attachment":"scroll","background-type":"","background-media":"","overlay-type":"","overlay-color":"","overlay-opacity":"","overlay-gradient":""},"tablet":{"background-color":"","background-image":"","background-repeat":"repeat","background-position":"center center","background-size":"auto","background-attachment":"scroll","background-type":"","background-media":"","overlay-type":"","overlay-color":"","overlay-opacity":"","overlay-gradient":""},"mobile":{"background-color":"","background-image":"","background-repeat":"repeat","background-position":"center center","background-size":"auto","background-attachment":"scroll","background-type":"","background-media":"","overlay-type":"","overlay-color":"","overlay-opacity":"","overlay-gradient":""}},"ast-content-background-meta":{"desktop":{"background-color":"var(--ast-global-color-4)","background-image":"","background-repeat":"repeat","background-position":"center center","background-size":"auto","background-attachment":"scroll","background-type":"","background-media":"","overlay-type":"","overlay-color":"","overlay-opacity":"","overlay-gradient":""},"tablet":{"background-color":"var(--ast-global-color-4)","background-image":"","background-repeat":"repeat","background-position":"center center","background-size":"auto","background-attachment":"scroll","background-type":"","background-media":"","overlay-type":"","overlay-color":"","overlay-opacity":"","overlay-gradient":""},"mobile":{"background-color":"var(--ast-global-color-4)","background-image":"","background-repeat":"repeat","background-position":"center center","background-size":"auto","background-attachment":"scroll","background-type":"","background-media":"","overlay-type":"","overlay-color":"","overlay-opacity":"","overlay-gradient":""}},"footnotes":""},"class_list":["post-2","page","type-page","status-publish","hentry"],"_links":{"self":[{"href":"https:\/\/lse.aleksanderadamski.eu\/index.php\/wp-json\/wp\/v2\/pages\/2","targetHints":{"allow":["GET"]}}],"collection":[{"href":"https:\/\/lse.aleksanderadamski.eu\/index.php\/wp-json\/wp\/v2\/pages"}],"about":[{"href":"https:\/\/lse.aleksanderadamski.eu\/index.php\/wp-json\/wp\/v2\/types\/page"}],"author":[{"embeddable":true,"href":"https:\/\/lse.aleksanderadamski.eu\/index.php\/wp-json\/wp\/v2\/users\/1"}],"replies":[{"embeddable":true,"href":"https:\/\/lse.aleksanderadamski.eu\/index.php\/wp-json\/wp\/v2\/comments?post=2"}],"version-history":[{"count":25,"href":"https:\/\/lse.aleksanderadamski.eu\/index.php\/wp-json\/wp\/v2\/pages\/2\/revisions"}],"predecessor-version":[{"id":53,"href":"https:\/\/lse.aleksanderadamski.eu\/index.php\/wp-json\/wp\/v2\/pages\/2\/revisions\/53"}],"wp:attachment":[{"href":"https:\/\/lse.aleksanderadamski.eu\/index.php\/wp-json\/wp\/v2\/media?parent=2"}],"curies":[{"name":"wp","href":"https:\/\/api.w.org\/{rel}","templated":true}]}}